{"id":833,"date":"2021-01-31T06:32:08","date_gmt":"2021-01-31T06:32:08","guid":{"rendered":"https:\/\/flatservice.cz\/varianty-sluzeb-spravy-bytu\/"},"modified":"2025-02-23T13:46:14","modified_gmt":"2025-02-23T13:46:14","slug":"varianty-sluzeb-spravy-bytu","status":"publish","type":"page","link":"https:\/\/flatservice.cz\/en\/varianty-sluzeb-spravy-bytu\/","title":{"rendered":"Varianty slu\u017eeb spr\u00e1vy bytu &#8211; EN"},"content":{"rendered":"\n<figure class=\"wp-block-table\"><table><tbody><tr><td>Varianty slu\u017eeb spr\u00e1vy bytu<\/td><\/tr><\/tbody><\/table><\/figure>\n\n\n\n<figure class=\"wp-block-table\"><table><tbody><tr><td>Varianty slu\u017eeb spr\u00e1vy bytu<\/td><\/tr><\/tbody><\/table><\/figure>\n","protected":false},"excerpt":{"rendered":"<p>Varianty slu\u017eeb spr\u00e1vy bytu Varianty slu\u017eeb spr\u00e1vy bytu<\/p>\n","protected":false},"author":6,"featured_media":0,"parent":0,"menu_order":0,"comment_status":"closed","ping_status":"closed","template":"","meta":{"_acf_changed":false,"inline_featured_image":false,"footnotes":""},"class_list":["post-833","page","type-page","status-publish","hentry"],"acf":[],"aioseo_notices":[],"_links":{"self":[{"href":"https:\/\/flatservice.cz\/en\/wp-json\/wp\/v2\/pages\/833","targetHints":{"allow":["GET"]}}],"collection":[{"href":"https:\/\/flatservice.cz\/en\/wp-json\/wp\/v2\/pages"}],"about":[{"href":"https:\/\/flatservice.cz\/en\/wp-json\/wp\/v2\/types\/page"}],"author":[{"embeddable":true,"href":"https:\/\/flatservice.cz\/en\/wp-json\/wp\/v2\/users\/6"}],"replies":[{"embeddable":true,"href":"https:\/\/flatservice.cz\/en\/wp-json\/wp\/v2\/comments?post=833"}],"version-history":[{"count":2,"href":"https:\/\/flatservice.cz\/en\/wp-json\/wp\/v2\/pages\/833\/revisions"}],"predecessor-version":[{"id":2646,"href":"https:\/\/flatservice.cz\/en\/wp-json\/wp\/v2\/pages\/833\/revisions\/2646"}],"wp:attachment":[{"href":"https:\/\/flatservice.cz\/en\/wp-json\/wp\/v2\/media?parent=833"}],"curies":[{"name":"wp","href":"https:\/\/api.w.org\/{rel}","templated":true}]}}